{"id":61,"date":"2025-03-09T21:28:56","date_gmt":"2025-03-09T21:28:56","guid":{"rendered":"https:\/\/omnitelus.depicgroup.com\/?page_id=61"},"modified":"2025-03-09T21:54:23","modified_gmt":"2025-03-09T21:54:23","slug":"servicios","status":"publish","type":"page","link":"https:\/\/omnitelus.depicgroup.com\/index.php\/servicios\/","title":{"rendered":"Servicios"},"content":{"rendered":"\t\t<div data-elementor-type=\"wp-page\" data-elementor-id=\"61\" class=\"elementor elementor-61\">\n\t\t\t\t<div class=\"elementor-element elementor-element-8c70ce1 e-flex e-con-boxed e-con e-parent\" data-id=\"8c70ce1\" data-element_type=\"container\" data-settings=\"{&quot;background_background&quot;:&quot;classic&quot;}\">\n\t\t\t\t\t<div class=\"e-con-inner\">\n\t\t\t\t<div class=\"elementor-element elementor-element-23718ee elementor-widget elementor-widget-heading\" data-id=\"23718ee\" data-element_type=\"widget\" data-widget_type=\"heading.default\">\n\t\t\t\t<div class=\"elementor-widget-container\">\n\t\t\t\t\t<h2 class=\"elementor-heading-title elementor-size-default\">Servicios<\/h2>\t\t\t\t<\/div>\n\t\t\t\t<\/div>\n\t\t<div class=\"elementor-element elementor-element-290d170 e-con-full e-flex e-con e-child\" data-id=\"290d170\" data-element_type=\"container\">\n\t\t<div class=\"elementor-element elementor-element-34e10a7 e-con-full e-flex e-con e-child\" data-id=\"34e10a7\" data-element_type=\"container\">\n\t\t\t\t<div class=\"elementor-element elementor-element-55e4469 elementor-widget elementor-widget-image\" data-id=\"55e4469\" data-element_type=\"widget\" data-widget_type=\"image.default\">\n\t\t\t\t<div class=\"elementor-widget-container\">\n\t\t\t\t\t\t\t\t\t\t\t\t\t\t\t<img fetchpriority=\"high\" decoding=\"async\" width=\"350\" height=\"350\" src=\"https:\/\/omnitelus.depicgroup.com\/wp-content\/uploads\/2025\/03\/3.png\" class=\"attachment-large size-large wp-image-63\" alt=\"\" srcset=\"https:\/\/omnitelus.depicgroup.com\/wp-content\/uploads\/2025\/03\/3.png 350w, https:\/\/omnitelus.depicgroup.com\/wp-content\/uploads\/2025\/03\/3-300x300.png 300w, https:\/\/omnitelus.depicgroup.com\/wp-content\/uploads\/2025\/03\/3-150x150.png 150w\" sizes=\"(max-width: 350px) 100vw, 350px\" \/>\t\t\t\t\t\t\t\t\t\t\t\t\t\t\t<\/div>\n\t\t\t\t<\/div>\n\t\t\t\t<div class=\"elementor-element elementor-element-b00229a elementor-widget__width-inherit elementor-widget elementor-widget-heading\" data-id=\"b00229a\" data-element_type=\"widget\" data-widget_type=\"heading.default\">\n\t\t\t\t<div class=\"elementor-widget-container\">\n\t\t\t\t\t<h2 class=\"elementor-heading-title elementor-size-default\">Servicio de atenci\u00f3n al cliente premium<\/h2>\t\t\t\t<\/div>\n\t\t\t\t<\/div>\n\t\t\t\t<div class=\"elementor-element elementor-element-4a31635 elementor-widget elementor-widget-heading\" data-id=\"4a31635\" data-element_type=\"widget\" data-widget_type=\"heading.default\">\n\t\t\t\t<div class=\"elementor-widget-container\">\n\t\t\t\t\t<h2 class=\"elementor-heading-title elementor-size-default\">La tercerizaci\u00f3n del servicio de atenci\u00f3n al cliente implica que una empresa contrata a un proveedor externo y utiliza a sus agentes.<\/h2>\t\t\t\t<\/div>\n\t\t\t\t<\/div>\n\t\t\t\t<div class=\"elementor-element elementor-element-5742cd5 elementor-widget elementor-widget-spacer\" data-id=\"5742cd5\" data-element_type=\"widget\" data-widget_type=\"spacer.default\">\n\t\t\t\t<div class=\"elementor-widget-container\">\n\t\t\t\t\t\t\t<div class=\"elementor-spacer\">\n\t\t\t<div class=\"elementor-spacer-inner\"><\/div>\n\t\t<\/div>\n\t\t\t\t\t\t<\/div>\n\t\t\t\t<\/div>\n\t\t\t\t<div class=\"elementor-element elementor-element-bab3d74 elementor-align-center elementor-widget__width-inherit elementor-widget elementor-widget-button\" data-id=\"bab3d74\" data-element_type=\"widget\" data-widget_type=\"button.default\">\n\t\t\t\t<div class=\"elementor-widget-container\">\n\t\t\t\t\t\t\t\t\t<div class=\"elementor-button-wrapper\">\n\t\t\t\t\t<a class=\"elementor-button elementor-button-link elementor-size-sm\" href=\"#\">\n\t\t\t\t\t\t<span class=\"elementor-button-content-wrapper\">\n\t\t\t\t\t\t\t\t\t<span class=\"elementor-button-text\">Learn more<\/span>\n\t\t\t\t\t<\/span>\n\t\t\t\t\t<\/a>\n\t\t\t\t<\/div>\n\t\t\t\t\t\t\t\t<\/div>\n\t\t\t\t<\/div>\n\t\t\t\t<\/div>\n\t\t<div class=\"elementor-element elementor-element-32c8ebb e-con-full e-flex e-con e-child\" data-id=\"32c8ebb\" data-element_type=\"container\">\n\t\t\t\t<div class=\"elementor-element elementor-element-01b6251 elementor-widget elementor-widget-image\" data-id=\"01b6251\" data-element_type=\"widget\" data-widget_type=\"image.default\">\n\t\t\t\t<div class=\"elementor-widget-container\">\n\t\t\t\t\t\t\t\t\t\t\t\t\t\t\t<img decoding=\"async\" width=\"350\" height=\"350\" src=\"https:\/\/omnitelus.depicgroup.com\/wp-content\/uploads\/2025\/03\/1.png\" class=\"attachment-large size-large wp-image-64\" alt=\"\" srcset=\"https:\/\/omnitelus.depicgroup.com\/wp-content\/uploads\/2025\/03\/1.png 350w, https:\/\/omnitelus.depicgroup.com\/wp-content\/uploads\/2025\/03\/1-300x300.png 300w, https:\/\/omnitelus.depicgroup.com\/wp-content\/uploads\/2025\/03\/1-150x150.png 150w\" sizes=\"(max-width: 350px) 100vw, 350px\" \/>\t\t\t\t\t\t\t\t\t\t\t\t\t\t\t<\/div>\n\t\t\t\t<\/div>\n\t\t\t\t<div class=\"elementor-element elementor-element-e1f0cda elementor-widget__width-inherit elementor-widget elementor-widget-heading\" data-id=\"e1f0cda\" data-element_type=\"widget\" data-widget_type=\"heading.default\">\n\t\t\t\t<div class=\"elementor-widget-container\">\n\t\t\t\t\t<h2 class=\"elementor-heading-title elementor-size-default\">Servicios de Back Office<\/h2>\t\t\t\t<\/div>\n\t\t\t\t<\/div>\n\t\t\t\t<div class=\"elementor-element elementor-element-685b2d1 elementor-widget elementor-widget-heading\" data-id=\"685b2d1\" data-element_type=\"widget\" data-widget_type=\"heading.default\">\n\t\t\t\t<div class=\"elementor-widget-container\">\n\t\t\t\t\t<h2 class=\"elementor-heading-title elementor-size-default\">El back office, tambi\u00e9n conocido como \"gesti\u00f3n empresarial\", abarca una variedad de procesos y actividades dentro de una empresa, enfocados principalmente en \u00e1reas administrativas en lugar de la interacci\u00f3n directa con los clientes.<\/h2>\t\t\t\t<\/div>\n\t\t\t\t<\/div>\n\t\t\t\t<div class=\"elementor-element elementor-element-bc93f06 elementor-align-center elementor-widget__width-inherit elementor-widget elementor-widget-button\" data-id=\"bc93f06\" data-element_type=\"widget\" data-widget_type=\"button.default\">\n\t\t\t\t<div class=\"elementor-widget-container\">\n\t\t\t\t\t\t\t\t\t<div class=\"elementor-button-wrapper\">\n\t\t\t\t\t<a class=\"elementor-button elementor-button-link elementor-size-sm\" href=\"#\">\n\t\t\t\t\t\t<span class=\"elementor-button-content-wrapper\">\n\t\t\t\t\t\t\t\t\t<span class=\"elementor-button-text\">Learn more<\/span>\n\t\t\t\t\t<\/span>\n\t\t\t\t\t<\/a>\n\t\t\t\t<\/div>\n\t\t\t\t\t\t\t\t<\/div>\n\t\t\t\t<\/div>\n\t\t\t\t<\/div>\n\t\t<div class=\"elementor-element elementor-element-baee64d e-con-full e-flex e-con e-child\" data-id=\"baee64d\" data-element_type=\"container\">\n\t\t\t\t<div class=\"elementor-element elementor-element-afc2755 elementor-widget elementor-widget-image\" data-id=\"afc2755\" data-element_type=\"widget\" data-widget_type=\"image.default\">\n\t\t\t\t<div class=\"elementor-widget-container\">\n\t\t\t\t\t\t\t\t\t\t\t\t\t\t\t<img decoding=\"async\" width=\"350\" height=\"350\" src=\"https:\/\/omnitelus.depicgroup.com\/wp-content\/uploads\/2025\/03\/1-1.png\" class=\"attachment-large size-large wp-image-65\" alt=\"\" srcset=\"https:\/\/omnitelus.depicgroup.com\/wp-content\/uploads\/2025\/03\/1-1.png 350w, https:\/\/omnitelus.depicgroup.com\/wp-content\/uploads\/2025\/03\/1-1-300x300.png 300w, https:\/\/omnitelus.depicgroup.com\/wp-content\/uploads\/2025\/03\/1-1-150x150.png 150w\" sizes=\"(max-width: 350px) 100vw, 350px\" \/>\t\t\t\t\t\t\t\t\t\t\t\t\t\t\t<\/div>\n\t\t\t\t<\/div>\n\t\t\t\t<div class=\"elementor-element elementor-element-0cb5683 elementor-widget__width-inherit elementor-widget elementor-widget-heading\" data-id=\"0cb5683\" data-element_type=\"widget\" data-widget_type=\"heading.default\">\n\t\t\t\t<div class=\"elementor-widget-container\">\n\t\t\t\t\t<h2 class=\"elementor-heading-title elementor-size-default\">Servicios de Outsourcing de Ventas<\/h2>\t\t\t\t<\/div>\n\t\t\t\t<\/div>\n\t\t\t\t<div class=\"elementor-element elementor-element-ae82461 elementor-widget elementor-widget-heading\" data-id=\"ae82461\" data-element_type=\"widget\" data-widget_type=\"heading.default\">\n\t\t\t\t<div class=\"elementor-widget-container\">\n\t\t\t\t\t<h2 class=\"elementor-heading-title elementor-size-default\">El outsourcing de ventas es el proceso de contratar a un tercero para que se encargue de tareas particulares dentro de tu ciclo de ventas.<\/h2>\t\t\t\t<\/div>\n\t\t\t\t<\/div>\n\t\t\t\t<div class=\"elementor-element elementor-element-b67f082 elementor-widget elementor-widget-spacer\" data-id=\"b67f082\" data-element_type=\"widget\" data-widget_type=\"spacer.default\">\n\t\t\t\t<div class=\"elementor-widget-container\">\n\t\t\t\t\t\t\t<div class=\"elementor-spacer\">\n\t\t\t<div class=\"elementor-spacer-inner\"><\/div>\n\t\t<\/div>\n\t\t\t\t\t\t<\/div>\n\t\t\t\t<\/div>\n\t\t\t\t<div class=\"elementor-element elementor-element-5b6ac68 elementor-align-center elementor-widget__width-inherit elementor-widget elementor-widget-button\" data-id=\"5b6ac68\" data-element_type=\"widget\" data-widget_type=\"button.default\">\n\t\t\t\t<div class=\"elementor-widget-container\">\n\t\t\t\t\t\t\t\t\t<div class=\"elementor-button-wrapper\">\n\t\t\t\t\t<a class=\"elementor-button elementor-button-link elementor-size-sm\" href=\"#\">\n\t\t\t\t\t\t<span class=\"elementor-button-content-wrapper\">\n\t\t\t\t\t\t\t\t\t<span class=\"elementor-button-text\">Learn more<\/span>\n\t\t\t\t\t<\/span>\n\t\t\t\t\t<\/a>\n\t\t\t\t<\/div>\n\t\t\t\t\t\t\t\t<\/div>\n\t\t\t\t<\/div>\n\t\t\t\t<\/div>\n\t\t\t\t<\/div>\n\t\t\t\t\t<\/div>\n\t\t\t\t<\/div>\n\t\t<div class=\"elementor-element elementor-element-74be251 e-flex e-con-boxed e-con e-parent\" data-id=\"74be251\" data-element_type=\"container\" data-settings=\"{&quot;background_background&quot;:&quot;classic&quot;}\">\n\t\t\t\t\t<div class=\"e-con-inner\">\n\t\t\t\t<div class=\"elementor-element elementor-element-088341f elementor-widget elementor-widget-heading\" data-id=\"088341f\" data-element_type=\"widget\" data-widget_type=\"heading.default\">\n\t\t\t\t<div class=\"elementor-widget-container\">\n\t\t\t\t\t<h2 class=\"elementor-heading-title elementor-size-default\">\u00bfQu\u00e9 puede hacer un BPO por ti?<\/h2>\t\t\t\t<\/div>\n\t\t\t\t<\/div>\n\t\t<div class=\"elementor-element elementor-element-72c24c1 e-con-full e-flex e-con e-child\" data-id=\"72c24c1\" data-element_type=\"container\">\n\t\t<div class=\"elementor-element elementor-element-5102a65 e-con-full e-flex e-con e-child\" data-id=\"5102a65\" data-element_type=\"container\">\n\t\t\t\t<div class=\"elementor-element elementor-element-445ec0c elementor-widget elementor-widget-image\" data-id=\"445ec0c\" data-element_type=\"widget\" data-widget_type=\"image.default\">\n\t\t\t\t<div class=\"elementor-widget-container\">\n\t\t\t\t\t\t\t\t\t\t\t\t\t\t\t<img loading=\"lazy\" decoding=\"async\" width=\"389\" height=\"244\" src=\"https:\/\/omnitelus.depicgroup.com\/wp-content\/uploads\/2025\/03\/Screenshot-2025-03-10-015930.png\" class=\"attachment-large size-large wp-image-34\" alt=\"\" srcset=\"https:\/\/omnitelus.depicgroup.com\/wp-content\/uploads\/2025\/03\/Screenshot-2025-03-10-015930.png 389w, https:\/\/omnitelus.depicgroup.com\/wp-content\/uploads\/2025\/03\/Screenshot-2025-03-10-015930-300x188.png 300w\" sizes=\"(max-width: 389px) 100vw, 389px\" \/>\t\t\t\t\t\t\t\t\t\t\t\t\t\t\t<\/div>\n\t\t\t\t<\/div>\n\t\t\t\t<div class=\"elementor-element elementor-element-2130906 elementor-widget elementor-widget-heading\" data-id=\"2130906\" data-element_type=\"widget\" data-widget_type=\"heading.default\">\n\t\t\t\t<div class=\"elementor-widget-container\">\n\t\t\t\t\t<h2 class=\"elementor-heading-title elementor-size-default\">Mejor rendimiento de tu inversi\u00f3n<\/h2>\t\t\t\t<\/div>\n\t\t\t\t<\/div>\n\t\t\t\t<div class=\"elementor-element elementor-element-e3a6f10 elementor-widget elementor-widget-heading\" data-id=\"e3a6f10\" data-element_type=\"widget\" data-widget_type=\"heading.default\">\n\t\t\t\t<div class=\"elementor-widget-container\">\n\t\t\t\t\t<h2 class=\"elementor-heading-title elementor-size-default\">\u2022 Proceso de transici\u00f3n probado y racionalizado<\/h2>\t\t\t\t<\/div>\n\t\t\t\t<\/div>\n\t\t\t\t<div class=\"elementor-element elementor-element-a097f4c elementor-widget elementor-widget-heading\" data-id=\"a097f4c\" data-element_type=\"widget\" data-widget_type=\"heading.default\">\n\t\t\t\t<div class=\"elementor-widget-container\">\n\t\t\t\t\t<h2 class=\"elementor-heading-title elementor-size-default\">\u2022 Puesta en marcha a plena producci\u00f3n en 30 d\u00edas<\/h2>\t\t\t\t<\/div>\n\t\t\t\t<\/div>\n\t\t\t\t<div class=\"elementor-element elementor-element-f497e36 elementor-widget elementor-widget-heading\" data-id=\"f497e36\" data-element_type=\"widget\" data-widget_type=\"heading.default\">\n\t\t\t\t<div class=\"elementor-widget-container\">\n\t\t\t\t\t<h2 class=\"elementor-heading-title elementor-size-default\">\n\u2022 Impresiona a tus clientes y a tu jefe<\/h2>\t\t\t\t<\/div>\n\t\t\t\t<\/div>\n\t\t\t\t<\/div>\n\t\t<div class=\"elementor-element elementor-element-8501d7a e-con-full e-flex e-con e-child\" data-id=\"8501d7a\" data-element_type=\"container\">\n\t\t\t\t<div class=\"elementor-element elementor-element-683a923 elementor-widget elementor-widget-image\" data-id=\"683a923\" data-element_type=\"widget\" data-widget_type=\"image.default\">\n\t\t\t\t<div class=\"elementor-widget-container\">\n\t\t\t\t\t\t\t\t\t\t\t\t\t\t\t<img loading=\"lazy\" decoding=\"async\" width=\"388\" height=\"245\" src=\"https:\/\/omnitelus.depicgroup.com\/wp-content\/uploads\/2025\/03\/Screenshot-2025-03-10-015948.png\" class=\"attachment-large size-large wp-image-33\" alt=\"\" srcset=\"https:\/\/omnitelus.depicgroup.com\/wp-content\/uploads\/2025\/03\/Screenshot-2025-03-10-015948.png 388w, https:\/\/omnitelus.depicgroup.com\/wp-content\/uploads\/2025\/03\/Screenshot-2025-03-10-015948-300x189.png 300w\" sizes=\"(max-width: 388px) 100vw, 388px\" \/>\t\t\t\t\t\t\t\t\t\t\t\t\t\t\t<\/div>\n\t\t\t\t<\/div>\n\t\t\t\t<div class=\"elementor-element elementor-element-8cc350c elementor-widget elementor-widget-heading\" data-id=\"8cc350c\" data-element_type=\"widget\" data-widget_type=\"heading.default\">\n\t\t\t\t<div class=\"elementor-widget-container\">\n\t\t\t\t\t<h2 class=\"elementor-heading-title elementor-size-default\">Bases para tu sistema de trabajo<\/h2>\t\t\t\t<\/div>\n\t\t\t\t<\/div>\n\t\t\t\t<div class=\"elementor-element elementor-element-b7ff0ca elementor-widget elementor-widget-heading\" data-id=\"b7ff0ca\" data-element_type=\"widget\" data-widget_type=\"heading.default\">\n\t\t\t\t<div class=\"elementor-widget-container\">\n\t\t\t\t\t<h2 class=\"elementor-heading-title elementor-size-default\">\u2022 Cobertura 24\/7\/365<\/h2>\t\t\t\t<\/div>\n\t\t\t\t<\/div>\n\t\t\t\t<div class=\"elementor-element elementor-element-30278a1 elementor-widget elementor-widget-heading\" data-id=\"30278a1\" data-element_type=\"widget\" data-widget_type=\"heading.default\">\n\t\t\t\t<div class=\"elementor-widget-container\">\n\t\t\t\t\t<h2 class=\"elementor-heading-title elementor-size-default\">\u2022 Agentes nacionales con precios competitivos<\/h2>\t\t\t\t<\/div>\n\t\t\t\t<\/div>\n\t\t\t\t<div class=\"elementor-element elementor-element-600b57c elementor-widget elementor-widget-heading\" data-id=\"600b57c\" data-element_type=\"widget\" data-widget_type=\"heading.default\">\n\t\t\t\t<div class=\"elementor-widget-container\">\n\t\t\t\t\t<h2 class=\"elementor-heading-title elementor-size-default\">\u2022 Escala y flexibilidad para hablar en espa\u00f1ol e ingles a TODOS los clientes<\/h2>\t\t\t\t<\/div>\n\t\t\t\t<\/div>\n\t\t\t\t<\/div>\n\t\t<div class=\"elementor-element elementor-element-95c2b38 e-con-full e-flex e-con e-child\" data-id=\"95c2b38\" data-element_type=\"container\">\n\t\t\t\t<div class=\"elementor-element elementor-element-56fffd4 elementor-widget elementor-widget-image\" data-id=\"56fffd4\" data-element_type=\"widget\" data-widget_type=\"image.default\">\n\t\t\t\t<div class=\"elementor-widget-container\">\n\t\t\t\t\t\t\t\t\t\t\t\t\t\t\t<img loading=\"lazy\" decoding=\"async\" width=\"388\" height=\"244\" src=\"https:\/\/omnitelus.depicgroup.com\/wp-content\/uploads\/2025\/03\/Screenshot-2025-03-10-020005.png\" class=\"attachment-large size-large wp-image-32\" alt=\"\" srcset=\"https:\/\/omnitelus.depicgroup.com\/wp-content\/uploads\/2025\/03\/Screenshot-2025-03-10-020005.png 388w, https:\/\/omnitelus.depicgroup.com\/wp-content\/uploads\/2025\/03\/Screenshot-2025-03-10-020005-300x189.png 300w\" sizes=\"(max-width: 388px) 100vw, 388px\" \/>\t\t\t\t\t\t\t\t\t\t\t\t\t\t\t<\/div>\n\t\t\t\t<\/div>\n\t\t\t\t<div class=\"elementor-element elementor-element-a8db64d elementor-widget elementor-widget-heading\" data-id=\"a8db64d\" data-element_type=\"widget\" data-widget_type=\"heading.default\">\n\t\t\t\t<div class=\"elementor-widget-container\">\n\t\t\t\t\t<h2 class=\"elementor-heading-title elementor-size-default\">Una extensi\u00f3n de tu atenci\u00f3n al cliente<\/h2>\t\t\t\t<\/div>\n\t\t\t\t<\/div>\n\t\t\t\t<div class=\"elementor-element elementor-element-f26f481 elementor-widget elementor-widget-heading\" data-id=\"f26f481\" data-element_type=\"widget\" data-widget_type=\"heading.default\">\n\t\t\t\t<div class=\"elementor-widget-container\">\n\t\t\t\t\t<h2 class=\"elementor-heading-title elementor-size-default\">\u2022 Informes en tiempo real<\/h2>\t\t\t\t<\/div>\n\t\t\t\t<\/div>\n\t\t\t\t<div class=\"elementor-element elementor-element-a7d7a7f elementor-widget elementor-widget-heading\" data-id=\"a7d7a7f\" data-element_type=\"widget\" data-widget_type=\"heading.default\">\n\t\t\t\t<div class=\"elementor-widget-container\">\n\t\t\t\t\t<h2 class=\"elementor-heading-title elementor-size-default\">\u2022 Formaci\u00f3n en tiempo real<\/h2>\t\t\t\t<\/div>\n\t\t\t\t<\/div>\n\t\t\t\t<div class=\"elementor-element elementor-element-2823fcf elementor-widget elementor-widget-heading\" data-id=\"2823fcf\" data-element_type=\"widget\" data-widget_type=\"heading.default\">\n\t\t\t\t<div class=\"elementor-widget-container\">\n\t\t\t\t\t<h2 class=\"elementor-heading-title elementor-size-default\">\u2022 Programas personalizados para satisfacer las necesidades de tus clientes<\/h2>\t\t\t\t<\/div>\n\t\t\t\t<\/div>\n\t\t\t\t<\/div>\n\t\t\t\t<\/div>\n\t\t\t\t\t<\/div>\n\t\t\t\t<\/div>\n\t\t\t\t<\/div>\n\t\t","protected":false},"excerpt":{"rendered":"<p>Servicios Servicio de atenci\u00f3n al cliente premium La tercerizaci\u00f3n del servicio de atenci\u00f3n al cliente implica que una empresa contrata [&hellip;]<\/p>\n","protected":false},"author":1,"featured_media":0,"parent":0,"menu_order":0,"comment_status":"closed","ping_status":"closed","template":"","meta":{"site-sidebar-layout":"no-sidebar","site-content-layout":"","ast-site-content-layout":"full-width-container","site-content-style":"default","site-sidebar-style":"default","ast-global-header-display":"","ast-banner-title-visibility":"","ast-main-header-display":"","ast-hfb-above-header-display":"","ast-hfb-below-header-display":"","ast-hfb-mobile-header-display":"","site-post-title":"disabled","ast-breadcrumbs-content":"","ast-featured-img":"disabled","footer-sml-layout":"","theme-transparent-header-meta":"","adv-header-id-meta":"","stick-header-meta":"","header-above-stick-meta":"","header-main-stick-meta":"","header-below-stick-meta":"","astra-migrate-meta-layouts":"default","ast-page-background-enabled":"default","ast-page-background-meta":{"desktop":{"background-color":"var(--ast-global-color-5)","background-image":"","background-repeat":"repeat","background-position":"center center","background-size":"auto","background-attachment":"scroll","background-type":"","background-media":"","overlay-type":"","overlay-color":"","overlay-opacity":"","overlay-gradient":""},"tablet":{"background-color":"","background-image":"","background-repeat":"repeat","background-position":"center center","background-size":"auto","background-attachment":"scroll","background-type":"","background-media":"","overlay-type":"","overlay-color":"","overlay-opacity":"","overlay-gradient":""},"mobile":{"background-color":"","background-image":"","background-repeat":"repeat","background-position":"center center","background-size":"auto","background-attachment":"scroll","background-type":"","background-media":"","overlay-type":"","overlay-color":"","overlay-opacity":"","overlay-gradient":""}},"ast-content-background-meta":{"desktop":{"background-color":"var(--ast-global-color-4)","background-image":"","background-repeat":"repeat","background-position":"center center","background-size":"auto","background-attachment":"scroll","background-type":"","background-media":"","overlay-type":"","overlay-color":"","overlay-opacity":"","overlay-gradient":""},"tablet":{"background-color":"var(--ast-global-color-4)","background-image":"","background-repeat":"repeat","background-position":"center center","background-size":"auto","background-attachment":"scroll","background-type":"","background-media":"","overlay-type":"","overlay-color":"","overlay-opacity":"","overlay-gradient":""},"mobile":{"background-color":"var(--ast-global-color-4)","background-image":"","background-repeat":"repeat","background-position":"center center","background-size":"auto","background-attachment":"scroll","background-type":"","background-media":"","overlay-type":"","overlay-color":"","overlay-opacity":"","overlay-gradient":""}},"footnotes":""},"class_list":["post-61","page","type-page","status-publish","hentry"],"_links":{"self":[{"href":"https:\/\/omnitelus.depicgroup.com\/index.php\/wp-json\/wp\/v2\/pages\/61","targetHints":{"allow":["GET"]}}],"collection":[{"href":"https:\/\/omnitelus.depicgroup.com\/index.php\/wp-json\/wp\/v2\/pages"}],"about":[{"href":"https:\/\/omnitelus.depicgroup.com\/index.php\/wp-json\/wp\/v2\/types\/page"}],"author":[{"embeddable":true,"href":"https:\/\/omnitelus.depicgroup.com\/index.php\/wp-json\/wp\/v2\/users\/1"}],"replies":[{"embeddable":true,"href":"https:\/\/omnitelus.depicgroup.com\/index.php\/wp-json\/wp\/v2\/comments?post=61"}],"version-history":[{"count":10,"href":"https:\/\/omnitelus.depicgroup.com\/index.php\/wp-json\/wp\/v2\/pages\/61\/revisions"}],"predecessor-version":[{"id":124,"href":"https:\/\/omnitelus.depicgroup.com\/index.php\/wp-json\/wp\/v2\/pages\/61\/revisions\/124"}],"wp:attachment":[{"href":"https:\/\/omnitelus.depicgroup.com\/index.php\/wp-json\/wp\/v2\/media?parent=61"}],"curies":[{"name":"wp","href":"https:\/\/api.w.org\/{rel}","templated":true}]}}